{"id":28,"date":"2023-11-07T13:07:49","date_gmt":"2023-11-07T13:07:49","guid":{"rendered":"http:\/\/cias2014.blogs.upv.es\/?page_id=28"},"modified":"2023-11-07T13:07:51","modified_gmt":"2023-11-07T13:07:51","slug":"fechas-a-recordar","status":"publish","type":"page","link":"https:\/\/cias2024.webs.upv.es\/?page_id=28","title":{"rendered":"Fechas a recordar"},"content":{"rendered":"<p>\n<table id=\"tablepress-3\" class=\"tablepress tablepress-id-3\">\n<tbody class=\"row-striping row-hover\">\n<tr class=\"row-1\">\n\t<td class=\"column-1\"><del datetime=\"2024-04-30T09:24:07+00:00\">30 de abril<\/del> 15 de mayo<\/td><td class=\"column-2\">Env\u00edo de res\u00famenes<\/td>\n<\/tr>\n<tr class=\"row-2\">\n\t<td class=\"column-1\"><del datetime=\"2024-04-30T09:24:07+00:00\">31 de mayo<\/del> 15 de junio<\/td><td class=\"column-2\">Notificaci\u00f3n de aceptaciones<\/td>\n<\/tr>\n<tr class=\"row-3\">\n\t<td class=\"column-1\"><del datetime=\"2024-04-30T09:24:07+00:00\">10 de junio<\/del> 25 de junio<\/td><td class=\"column-2\">\u00daltimo d\u00eda para inscripci\u00f3n con descuento<\/td>\n<\/tr>\n<tr class=\"row-4\">\n\t<td class=\"column-1\"><del datetime=\"2024-04-30T09:24:07+00:00\">15 de julio<\/del> 20 de julio<\/td><td class=\"column-2\">Fecha tope para env\u00edo de resumen revisado<\/td>\n<\/tr>\n<tr class=\"row-5\">\n\t<td class=\"column-1\"><del datetime=\"2024-04-30T09:24:07+00:00\">31 de mayo<\/del> 31 de julio<\/td><td class=\"column-2\">Publicaci\u00f3n del programa<\/td>\n<\/tr>\n<tr class=\"row-6\">\n\t<td class=\"column-1\">20 de septiembre<\/td><td class=\"column-2\">Cierre de inscripciones v\u00eda web. Inscripci\u00f3n posible el d\u00eda de inicio en el lugar del congreso<\/td>\n<\/tr>\n<tr class=\"row-7\">\n\t<td class=\"column-1\">25 a 27 de septiembre<\/td><td class=\"column-2\">Congreso<\/td>\n<\/tr>\n<\/tbody>\n<\/table>\n<!-- #tablepress-3 from cache --><span style=\"line-height: 1.5em\">\u00a0<\/span><\/p>\n<p>&nbsp;<\/p>\n","protected":false},"excerpt":{"rendered":"<p>\u00a0 &nbsp;<\/p>\n","protected":false},"author":3,"featured_media":0,"parent":21,"menu_order":2,"comment_status":"closed","ping_status":"closed","template":"","meta":{"_monsterinsights_skip_tracking":false,"_monsterinsights_sitenote_active":false,"_monsterinsights_sitenote_note":"","_monsterinsights_sitenote_category":0,"footnotes":""},"class_list":["post-28","page","type-page","status-publish","hentry"],"_links":{"self":[{"href":"https:\/\/cias2024.webs.upv.es\/index.php?rest_route=\/wp\/v2\/pages\/28","targetHints":{"allow":["GET"]}}],"collection":[{"href":"https:\/\/cias2024.webs.upv.es\/index.php?rest_route=\/wp\/v2\/pages"}],"about":[{"href":"https:\/\/cias2024.webs.upv.es\/index.php?rest_route=\/wp\/v2\/types\/page"}],"author":[{"embeddable":true,"href":"https:\/\/cias2024.webs.upv.es\/index.php?rest_route=\/wp\/v2\/users\/3"}],"replies":[{"embeddable":true,"href":"https:\/\/cias2024.webs.upv.es\/index.php?rest_route=%2Fwp%2Fv2%2Fcomments&post=28"}],"version-history":[{"count":1,"href":"https:\/\/cias2024.webs.upv.es\/index.php?rest_route=\/wp\/v2\/pages\/28\/revisions"}],"predecessor-version":[{"id":813,"href":"https:\/\/cias2024.webs.upv.es\/index.php?rest_route=\/wp\/v2\/pages\/28\/revisions\/813"}],"up":[{"embeddable":true,"href":"https:\/\/cias2024.webs.upv.es\/index.php?rest_route=\/wp\/v2\/pages\/21"}],"wp:attachment":[{"href":"https:\/\/cias2024.webs.upv.es\/index.php?rest_route=%2Fwp%2Fv2%2Fmedia&parent=28"}],"curies":[{"name":"wp","href":"https:\/\/api.w.org\/{rel}","templated":true}]}}