{"id":33,"date":"2024-01-01T13:32:06","date_gmt":"2024-01-01T13:32:06","guid":{"rendered":"http:\/\/cias2014.blogs.upv.es\/?page_id=33"},"modified":"2024-02-08T10:57:09","modified_gmt":"2024-02-08T10:57:09","slug":"inscripcion","status":"publish","type":"page","link":"https:\/\/cias2024.webs.upv.es\/?page_id=33","title":{"rendered":"Inscripci\u00f3n"},"content":{"rendered":"<p>La inscripci\u00f3n <a href=\"https:\/\/cias2024.webs.upv.es\/?page_id=834\">ya est\u00e1 abierta<\/a>.<\/p>\n<p>La cuota de inscripci\u00f3n incluye caf\u00e9s, las comidas de los tres d\u00edas m\u00e1s la cena de gala, y una copia digital de las comunicaciones. La cuota es reembolsable, descontando 75 \u20ac de gastos de gesti\u00f3n, hasta quince d\u00edas antes del comienzo del congreso.<\/p>\n<p>La inscripci\u00f3n puede traspasarse a otra persona sin coste hasta una semana antes del comienzo del congreso.<\/p>\n","protected":false},"excerpt":{"rendered":"<p>La inscripci\u00f3n ya est\u00e1 abierta. La cuota de inscripci\u00f3n incluye caf\u00e9s, las comidas de los tres d\u00edas m\u00e1s la cena de gala, y una copia digital de las comunicaciones. La cuota es reembolsable, descontando 75 \u20ac de gastos de gesti\u00f3n, hasta quince d\u00edas antes del comienzo del congreso. La inscripci\u00f3n puede traspasarse a otra persona [&hellip;]<\/p>\n","protected":false},"author":3,"featured_media":0,"parent":21,"menu_order":3,"comment_status":"closed","ping_status":"closed","template":"","meta":{"_monsterinsights_skip_tracking":false,"_monsterinsights_sitenote_active":false,"_monsterinsights_sitenote_note":"","_monsterinsights_sitenote_category":0,"footnotes":""},"class_list":["post-33","page","type-page","status-publish","hentry"],"_links":{"self":[{"href":"https:\/\/cias2024.webs.upv.es\/index.php?rest_route=\/wp\/v2\/pages\/33","targetHints":{"allow":["GET"]}}],"collection":[{"href":"https:\/\/cias2024.webs.upv.es\/index.php?rest_route=\/wp\/v2\/pages"}],"about":[{"href":"https:\/\/cias2024.webs.upv.es\/index.php?rest_route=\/wp\/v2\/types\/page"}],"author":[{"embeddable":true,"href":"https:\/\/cias2024.webs.upv.es\/index.php?rest_route=\/wp\/v2\/users\/3"}],"replies":[{"embeddable":true,"href":"https:\/\/cias2024.webs.upv.es\/index.php?rest_route=%2Fwp%2Fv2%2Fcomments&post=33"}],"version-history":[{"count":12,"href":"https:\/\/cias2024.webs.upv.es\/index.php?rest_route=\/wp\/v2\/pages\/33\/revisions"}],"predecessor-version":[{"id":837,"href":"https:\/\/cias2024.webs.upv.es\/index.php?rest_route=\/wp\/v2\/pages\/33\/revisions\/837"}],"up":[{"embeddable":true,"href":"https:\/\/cias2024.webs.upv.es\/index.php?rest_route=\/wp\/v2\/pages\/21"}],"wp:attachment":[{"href":"https:\/\/cias2024.webs.upv.es\/index.php?rest_route=%2Fwp%2Fv2%2Fmedia&parent=33"}],"curies":[{"name":"wp","href":"https:\/\/api.w.org\/{rel}","templated":true}]}}