{"id":462,"date":"2021-06-30T08:27:39","date_gmt":"2021-06-30T08:27:39","guid":{"rendered":"https:\/\/cias2024.webs.upv.es\/?page_id=462"},"modified":"2024-09-03T09:41:45","modified_gmt":"2024-09-03T09:41:45","slug":"evento-jo-in-hydrocafe","status":"publish","type":"page","link":"https:\/\/cias2024.webs.upv.es\/?page_id=462","title":{"rendered":"Tapeo y restaurantes"},"content":{"rendered":"\n<h2 class=\"wp-block-heading\">\u00abA Coru\u00f1a, a cultura de vivir\u00bb<\/h2>\n\n\n\n<figure class=\"wp-block-embed is-type-video is-provider-vimeo wp-block-embed-vimeo wp-embed-aspect-21-9 wp-has-aspect-ratio\"><div class=\"wp-block-embed__wrapper\">\n<iframe loading=\"lazy\" title=\"Corun\u0303a Spot FITUR\" src=\"https:\/\/player.vimeo.com\/video\/906686399?dnt=1&amp;app_id=122963\" width=\"600\" height=\"255\" frameborder=\"0\" allow=\"autoplay; fullscreen; picture-in-picture; clipboard-write\"><\/iframe>\n<\/div><\/figure>\n\n\n\n<p><\/p>\n\n\n\n<p>La ciudad de A Coru\u00f1a ofrece una amplia oferta gastron\u00f3mica presente en mesones, tascas y restaurantes. Os proponemos la siguiente selecci\u00f3n:<\/p>\n\n\n\n<p><strong>Tascas:<\/strong><\/p>\n\n\n\n<p>Surrey. Calle Barrera 20. Especialidad: calamares.<\/p>\n\n\n\n<p>La Bombilla. Calle Torreiro 6. Tapas por 1 euro.<\/p>\n\n\n\n<p>Mes\u00f3n do Pulpo. Calle Franja 9. Pulpo, chipirones, navajas.<\/p>\n\n\n\n<p>Mes\u00f3n Arume. Calle Franja 17. Calamares, zamburi\u00f1as, pulpo.<\/p>\n\n\n\n<p>A Lagareta. Calle Franja 24. Tortilla de pulpo.<\/p>\n\n\n\n<p>Jamoner\u00eda El Pinar. Calle Franja 45.<\/p>\n\n\n\n<p>Meson As Cavas. Calle Galera 30. Navajas, pulpo, chipirones a la plancha, carne a la parrilla, almejas.<\/p>\n\n\n\n<p>Taberna da Galera. Calle Galera 32. Calamares, carne, raxo.<\/p>\n\n\n\n<p>O Candil. Calle Galera 40. Variedad amplia de tapas.<\/p>\n\n\n\n<p><strong>Picoteo:<\/strong><\/p>\n\n\n\n<p>Bar Quintela. Calle Alameda 20.<\/p>\n\n\n\n<p>O Cabo. Calle Picavia 2. Tortilla.<\/p>\n\n\n\n<p>Casa Ponte. Calle Juan Florez 95. Tapas variadas.<\/p>\n\n\n\n<p>Casa Pilar. Calle Emilia Pardo Bazan 40. Tapas variadas.<\/p>\n\n\n\n<p>Taberna el Magistrado. Calle Magistrado Manuel Artime 24. Tortilla.<\/p>\n\n\n\n<p><strong>Restaurantes:<\/strong><\/p>\n\n\n\n<p>Restaurante Portela. Calle Franja 63. Marisco.<\/p>\n\n\n\n<p>Restaurante Charlat\u00e1n. Calle Galera 17. Marisco.<\/p>\n\n\n\n<p>Restaurante Comarea. Paseo Mar\u00edtimo Alcalde Francisco V\u00e1zquez. Arroces.<\/p>\n\n\n\n<p>Restaurante La Charrua. Calle estrella 6. Carnes.<\/p>\n\n\n\n<p>Restaurante A Mundi\u00f1a. Calle Real 77. Se paga lo que se come.<\/p>\n\n\n\n<p>Restaurante Abuin. Calle Federico Tapia 8. Variedad.<\/p>\n\n\n\n<p>A Taberna de Cunqueiro. Calle Estrella 22. Variedad amplia.<\/p>\n\n\n\n<p>Cervecer\u00eda Estrella de Galicia. Calle Concepcion Arenal 10. Amplio establecimiento con variedad de cervezas de Estrella. Buena comida.<\/p>\n\n\n\n<p>Restaurante Santa Clara Destapa. Calle Maria Puga Cerdido 8. Variedad de platos.<\/p>\n","protected":false},"excerpt":{"rendered":"<p>\u00abA Coru\u00f1a, a cultura de vivir\u00bb La ciudad de A Coru\u00f1a ofrece una amplia oferta gastron\u00f3mica presente en mesones, tascas y restaurantes. Os proponemos la siguiente selecci\u00f3n: Tascas: Surrey. Calle Barrera 20. Especialidad: calamares. La Bombilla. Calle Torreiro 6. Tapas por 1 euro. Mes\u00f3n do Pulpo. Calle Franja 9. Pulpo, chipirones, navajas. Mes\u00f3n Arume. Calle [&hellip;]<\/p>\n","protected":false},"author":3,"featured_media":0,"parent":0,"menu_order":0,"comment_status":"closed","ping_status":"closed","template":"","meta":{"_monsterinsights_skip_tracking":false,"_monsterinsights_sitenote_active":false,"_monsterinsights_sitenote_note":"","_monsterinsights_sitenote_category":0,"footnotes":""},"class_list":["post-462","page","type-page","status-publish","hentry"],"_links":{"self":[{"href":"https:\/\/cias2024.webs.upv.es\/index.php?rest_route=\/wp\/v2\/pages\/462","targetHints":{"allow":["GET"]}}],"collection":[{"href":"https:\/\/cias2024.webs.upv.es\/index.php?rest_route=\/wp\/v2\/pages"}],"about":[{"href":"https:\/\/cias2024.webs.upv.es\/index.php?rest_route=\/wp\/v2\/types\/page"}],"author":[{"embeddable":true,"href":"https:\/\/cias2024.webs.upv.es\/index.php?rest_route=\/wp\/v2\/users\/3"}],"replies":[{"embeddable":true,"href":"https:\/\/cias2024.webs.upv.es\/index.php?rest_route=%2Fwp%2Fv2%2Fcomments&post=462"}],"version-history":[{"count":8,"href":"https:\/\/cias2024.webs.upv.es\/index.php?rest_route=\/wp\/v2\/pages\/462\/revisions"}],"predecessor-version":[{"id":1123,"href":"https:\/\/cias2024.webs.upv.es\/index.php?rest_route=\/wp\/v2\/pages\/462\/revisions\/1123"}],"wp:attachment":[{"href":"https:\/\/cias2024.webs.upv.es\/index.php?rest_route=%2Fwp%2Fv2%2Fmedia&parent=462"}],"curies":[{"name":"wp","href":"https:\/\/api.w.org\/{rel}","templated":true}]}}