{"id":48,"date":"2014-01-09T17:17:41","date_gmt":"2014-01-09T17:17:41","guid":{"rendered":"http:\/\/cias2014.blogs.upv.es\/?page_id=48"},"modified":"2023-11-23T18:08:03","modified_gmt":"2023-11-23T18:08:03","slug":"comite-cientifico","status":"publish","type":"page","link":"https:\/\/cias2024.webs.upv.es\/?page_id=48","title":{"rendered":"Comit\u00e9 cient\u00edfico"},"content":{"rendered":"\n<p>Adem\u00e1s de los miembros del comit\u00e9 organizador, han aceptado ser miembros del comit\u00e9 cient\u00edfico:<\/p>\n\n\n\n<table id=\"tablepress-1\" class=\"tablepress tablepress-id-1\">\n<tbody class=\"row-striping row-hover\">\n<tr class=\"row-1\">\n\t<td class=\"column-1\">Albert Folch Sancho<\/td><td class=\"column-2\">Universitat Polit\u00e8cnica de Catalunya<\/td>\n<\/tr>\n<tr class=\"row-2\">\n\t<td class=\"column-1\">Albert Soler Gil<\/td><td class=\"column-2\">Universitat de Barcelona<\/td>\n<\/tr>\n<tr class=\"row-3\">\n\t<td class=\"column-1\">Alfredo P\u00e9rez Paricio<\/td><td class=\"column-2\">Ag\u00e8ncia Catalana de l'Aigua<\/td>\n<\/tr>\n<tr class=\"row-4\">\n\t<td class=\"column-1\">Alicia Sanz Prat<\/td><td class=\"column-2\">Universitat Polit\u00e8cncia de Val\u00e8ncia<\/td>\n<\/tr>\n<tr class=\"row-5\">\n\t<td class=\"column-1\">Ana Fern\u00e1ndez Ayuso<\/td><td class=\"column-2\">Universidad Aut\u00f3noma de Madrid<\/td>\n<\/tr>\n<tr class=\"row-6\">\n\t<td class=\"column-1\">Ana Rebollo Ba\u00f1os<\/td><td class=\"column-2\">Tragsatec<\/td>\n<\/tr>\n<tr class=\"row-7\">\n\t<td class=\"column-1\">Andr\u00e9s Gonz\u00e1lez Quir\u00f3s<\/td><td class=\"column-2\">British Geological Survey<\/td>\n<\/tr>\n<tr class=\"row-8\">\n\t<td class=\"column-1\">Andr\u00e9s Sahuquillo Herr\u00e1iz<\/td><td class=\"column-2\">Real Academia de Ciencias<\/td>\n<\/tr>\n<tr class=\"row-9\">\n\t<td class=\"column-1\">\u00c1ngela Vallejos Izquierdo<\/td><td class=\"column-2\">Universidad de Almer\u00eda<\/td>\n<\/tr>\n<tr class=\"row-10\">\n\t<td class=\"column-1\">Anna Menci\u00f3 Domingo<\/td><td class=\"column-2\">Universitat de Girona<\/td>\n<\/tr>\n<tr class=\"row-11\">\n\t<td class=\"column-1\">Ant\u00f3nio Chambel<\/td><td class=\"column-2\">Universidade de \u00c9vora<\/td>\n<\/tr>\n<tr class=\"row-12\">\n\t<td class=\"column-1\">Antonio Pulido Bosch<\/td><td class=\"column-2\">Universidad de Almer\u00eda<\/td>\n<\/tr>\n<tr class=\"row-13\">\n\t<td class=\"column-1\">Antonio Vela Guzm\u00e1n<\/td><td class=\"column-2\">Consejo de Seguridad Nuclear<\/td>\n<\/tr>\n<tr class=\"row-14\">\n\t<td class=\"column-1\">Bartolom\u00e9 Andreo Navarro<\/td><td class=\"column-2\">Universidad de M\u00e1laga<\/td>\n<\/tr>\n<tr class=\"row-15\">\n\t<td class=\"column-1\">Carolina Guardiola Albert<\/td><td class=\"column-2\">Instituto Geol\u00f3gico y Minero de Espa\u00f1a - CSIC<\/td>\n<\/tr>\n<tr class=\"row-16\">\n\t<td class=\"column-1\">Cristina Valhondo Gonz\u00e1lez<\/td><td class=\"column-2\">Institut de Diagnosi Ambiental i Estudis de l'Aigua - CSIC<\/td>\n<\/tr>\n<tr class=\"row-17\">\n\t<td class=\"column-1\">Eduardo Cassiraga<\/td><td class=\"column-2\">Universitat Polit\u00e8cncia de Val\u00e8ncia<\/td>\n<\/tr>\n<tr class=\"row-18\">\n\t<td class=\"column-1\">Enric V\u00e1zquez Su\u00f1\u00e9<\/td><td class=\"column-2\">Institut de Diagnosi Ambiental i Estudis de l'Aigua - CSIC<\/td>\n<\/tr>\n<tr class=\"row-19\">\n\t<td class=\"column-1\">Ester Vilanova Muset<\/td><td class=\"column-2\">Amphos 21<\/td>\n<\/tr>\n<tr class=\"row-20\">\n\t<td class=\"column-1\">Esther S\u00e1nchez S\u00e1nchez<\/td><td class=\"column-2\">Canal de Isabel II<\/td>\n<\/tr>\n<tr class=\"row-21\">\n\t<td class=\"column-1\">H\u00e9ctor Alonso Aguilera<\/td><td class=\"column-2\">Instituto Geol\u00f3gico y Minero de Espa\u00f1a - CSIC<\/td>\n<\/tr>\n<tr class=\"row-22\">\n\t<td class=\"column-1\">Helder I. Chamin\u00e9<\/td><td class=\"column-2\">Instituto Superior de Engenharia do Porto (ISEP), Polit\u00e9cnico do Porto, Portugal<\/td>\n<\/tr>\n<tr class=\"row-23\">\n\t<td class=\"column-1\">I\u00f1aki Vadillo P\u00e9rez<\/td><td class=\"column-2\">Universidad de M\u00e1laga<\/td>\n<\/tr>\n<tr class=\"row-24\">\n\t<td class=\"column-1\">Irene De Bustamante Guti\u00e9rrez<\/td><td class=\"column-2\">Universidad de Alcal\u00e1 de Henares<\/td>\n<\/tr>\n<tr class=\"row-25\">\n\t<td class=\"column-1\">Isabel Paiva<\/td><td class=\"column-2\">University of Coimbra<\/td>\n<\/tr>\n<tr class=\"row-26\">\n\t<td class=\"column-1\">Javier Rodrigo Ilarri<\/td><td class=\"column-2\">Universitat Polit\u00e8cnica de Val\u00e8ncia<\/td>\n<\/tr>\n<tr class=\"row-27\">\n\t<td class=\"column-1\">Jorge J\u00f3dar Berm\u00fadez<\/td><td class=\"column-2\">Instituto Geol\u00f3gico y Minero de Espa\u00f1a - CSIC<\/td>\n<\/tr>\n<tr class=\"row-28\">\n\t<td class=\"column-1\">Jorge Loredo P\u00e9rez<\/td><td class=\"column-2\">Universidad de Oviedo<\/td>\n<\/tr>\n<tr class=\"row-29\">\n\t<td class=\"column-1\">Jos\u00e9 Angel S\u00e1nchez Navarro<\/td><td class=\"column-2\">Universidad de Zaragoza<\/td>\n<\/tr>\n<tr class=\"row-30\">\n\t<td class=\"column-1\">Jos\u00e9 Miguel Andr\u00e9u Rodes<\/td><td class=\"column-2\">Universidad de Alicante<\/td>\n<\/tr>\n<tr class=\"row-31\">\n\t<td class=\"column-1\">Juan Jos\u00e9 Dur\u00e1n Balsero<\/td><td class=\"column-2\">Instituto Geol\u00f3gico y Minero de Espa\u00f1a - CSIC<\/td>\n<\/tr>\n<tr class=\"row-32\">\n\t<td class=\"column-1\">Jose Paulo Monteiro<\/td><td class=\"column-2\">Universidade do Algarve<\/td>\n<\/tr>\n<tr class=\"row-33\">\n\t<td class=\"column-1\">Jos\u00e9 Virgilio Cruz<\/td><td class=\"column-2\">Universidade dos A\u00e7ores<\/td>\n<\/tr>\n<tr class=\"row-34\">\n\t<td class=\"column-1\">Josep Mas Pl\u00e0<\/td><td class=\"column-2\">Universitat de Girona<\/td>\n<\/tr>\n<tr class=\"row-35\">\n\t<td class=\"column-1\">Juan Antonio Barber\u00e1 Fornell<\/td><td class=\"column-2\">Universidad de M\u00e1laga<\/td>\n<\/tr>\n<tr class=\"row-36\">\n\t<td class=\"column-1\">Juan Antonio L\u00f3pez Geta<\/td><td class=\"column-2\">Club del Agua Subterr\u00e1nea<\/td>\n<\/tr>\n<tr class=\"row-37\">\n\t<td class=\"column-1\">Juan Jos\u00e9 G\u00f3mez Alday<\/td><td class=\"column-2\">Universidad Castilla La Mancha<\/td>\n<\/tr>\n<tr class=\"row-38\">\n\t<td class=\"column-1\">Juan Jos\u00e9 Hidalgo<\/td><td class=\"column-2\">Institut de Diagnosi Ambiental i Estudis de l'Aigua - CSIC<\/td>\n<\/tr>\n<tr class=\"row-39\">\n\t<td class=\"column-1\">Juan Vicente Gir\u00e1ldez Cervera<\/td><td class=\"column-2\">Universidad de C\u00f3rdoba<\/td>\n<\/tr>\n<tr class=\"row-40\">\n\t<td class=\"column-1\">Lucia di Stefano<\/td><td class=\"column-2\">UCM, Fundaci\u00f3n Bot\u00edn<\/td>\n<\/tr>\n<tr class=\"row-41\">\n\t<td class=\"column-1\">Lurdes Mart\u00edn Landa<\/td><td class=\"column-2\">Universitat Polit\u00e8cnica de Catalunya<\/td>\n<\/tr>\n<tr class=\"row-42\">\n\t<td class=\"column-1\">M. Carmen Hidalgo Est\u00e9vez<\/td><td class=\"column-2\">Universidad de Ja\u00e9n<\/td>\n<\/tr>\n<tr class=\"row-43\">\n\t<td class=\"column-1\">Manuel Ol\u00edas \u00c1lvarez<\/td><td class=\"column-2\">Universidad de Huelva<\/td>\n<\/tr>\n<tr class=\"row-44\">\n\t<td class=\"column-1\">Marco Dentz<\/td><td class=\"column-2\">Institut de Diagnosi Ambiental i Estudis de l'Aigua - CSIC<\/td>\n<\/tr>\n<tr class=\"row-45\">\n\t<td class=\"column-1\">Mar\u00eda Almudena Ord\u00f3\u00f1ez Alonso<\/td><td class=\"column-2\">Universidad de Oviedo<\/td>\n<\/tr>\n<tr class=\"row-46\">\n\t<td class=\"column-1\">Mar\u00eda del Mar Garc\u00eda Alcaraz<\/td><td class=\"column-2\">Universidad Polit\u00e9cnica de Cartagena<\/td>\n<\/tr>\n<tr class=\"row-47\">\n\t<td class=\"column-1\">Maria Elena Rodrigo Clavero<\/td><td class=\"column-2\">Universitat Polit\u00e8cnica de Val\u00e8ncia<\/td>\n<\/tr>\n<tr class=\"row-48\">\n\t<td class=\"column-1\">Mar\u00eda Luisa Calvache Quesada<\/td><td class=\"column-2\">Universidad de Granada<\/td>\n<\/tr>\n<tr class=\"row-49\">\n\t<td class=\"column-1\">Mar\u00eda Paula Mendes<\/td><td class=\"column-2\">T\u00e9cnico Lisboa<\/td>\n<\/tr>\n<tr class=\"row-50\">\n\t<td class=\"column-1\">Mar\u00eda Pool Ram\u00edrez<\/td><td class=\"column-2\">Amphos 21<\/td>\n<\/tr>\n<tr class=\"row-51\">\n\t<td class=\"column-1\">Marisol Manzano Arellano<\/td><td class=\"column-2\">Universidad Polit\u00e9cnica de Cartagena<\/td>\n<\/tr>\n<tr class=\"row-52\">\n\t<td class=\"column-1\">Mat\u00edas Mudarra Mart\u00ednez<\/td><td class=\"column-2\">Universidad de M\u00e1laga<\/td>\n<\/tr>\n<tr class=\"row-53\">\n\t<td class=\"column-1\">Miguel \u00c1ngel Marazuela Calvo<\/td><td class=\"column-2\">Instituto Geol\u00f3gico y Minero de Espa\u00f1a - CSIC<\/td>\n<\/tr>\n<tr class=\"row-54\">\n\t<td class=\"column-1\">Miguel Rodr\u00edguez Rodr\u00edguez<\/td><td class=\"column-2\">Universidad Pablo de Olavide<\/td>\n<\/tr>\n<tr class=\"row-55\">\n\t<td class=\"column-1\">Mireia Iglesias Carrera<\/td><td class=\"column-2\">Ag\u00e8ncia Catalana de l'Aigua<\/td>\n<\/tr>\n<tr class=\"row-56\">\n\t<td class=\"column-1\">Natalia Garc\u00eda Bravo<\/td><td class=\"column-2\">Centro de Estudios y Experimentaci\u00f3n de Obras P\u00fablicas - CEDEX<\/td>\n<\/tr>\n<tr class=\"row-57\">\n\t<td class=\"column-1\">Nuno Barreiras<\/td><td class=\"column-2\">T\u00e9cnico Lisboa<\/td>\n<\/tr>\n<tr class=\"row-58\">\n\t<td class=\"column-1\">Nuria Naranjo Fern\u00e1ndez<\/td><td class=\"column-2\">Universidad de M\u00e1laga<\/td>\n<\/tr>\n<tr class=\"row-59\">\n\t<td class=\"column-1\">Pedro Mart\u00ednez Santos<\/td><td class=\"column-2\">Universidad Complutense de Madrid<\/td>\n<\/tr>\n<tr class=\"row-60\">\n\t<td class=\"column-1\">Ricardo Juncosa Rivera<\/td><td class=\"column-2\">Universidad de A Coru\u00f1a<\/td>\n<\/tr>\n<tr class=\"row-61\">\n\t<td class=\"column-1\">Rotman Criollo Manjarrez<\/td><td class=\"column-2\">Instituto Mediterr\u00e1neo de Estudios Avanzados, UIB-CSIC<\/td>\n<\/tr>\n<tr class=\"row-62\">\n\t<td class=\"column-1\">Sergio Martos Rosillo<\/td><td class=\"column-2\">IGME-CSIC<\/td>\n<\/tr>\n<tr class=\"row-63\">\n\t<td class=\"column-1\">Teresa Melo<\/td><td class=\"column-2\">T\u00e9cnico Lisboa<\/td>\n<\/tr>\n<tr class=\"row-64\">\n\t<td class=\"column-1\">Vanessa Almeida de Godoy<\/td><td class=\"column-2\">Universitat Polit\u00e8cncia de Val\u00e8ncia<\/td>\n<\/tr>\n<tr class=\"row-65\">\n\t<td class=\"column-1\">Vicente Navarro G\u00e1mir<\/td><td class=\"column-2\">Universidad de Castilla-La Mancha<\/td>\n<\/tr>\n<tr class=\"row-66\">\n\t<td class=\"column-1\">Luis Moreno Merino<\/td><td class=\"column-2\">Instituto Geol\u00f3gico y Minero de Espa\u00f1a - CSIC<\/td>\n<\/tr>\n<tr class=\"row-67\">\n\t<td class=\"column-1\">Sara Espinosa Mart\u00ednez<\/td><td class=\"column-2\">Centro Tecnol\u00f3gico del Agua CETAQUA<\/td>\n<\/tr>\n<tr class=\"row-68\">\n\t<td class=\"column-1\">Dami\u00e1n S\u00e1nchez<\/td><td class=\"column-2\">Centro Tecnol\u00f3gico del Agua CETAQUA<\/td>\n<\/tr>\n<tr class=\"row-69\">\n\t<td class=\"column-1\">Sonia Valdivielso<\/td><td class=\"column-2\">Institut de Diagnosi Ambiental i Estudis de l'Aigua - CSIC<\/td>\n<\/tr>\n<\/tbody>\n<\/table>\n<!-- #tablepress-1 from cache -->\n","protected":false},"excerpt":{"rendered":"<p>Adem\u00e1s de los miembros del comit\u00e9 organizador, han aceptado ser miembros del comit\u00e9 cient\u00edfico:<\/p>\n","protected":false},"author":3,"featured_media":0,"parent":36,"menu_order":2,"comment_status":"closed","ping_status":"closed","template":"","meta":{"_monsterinsights_skip_tracking":false,"_monsterinsights_sitenote_active":false,"_monsterinsights_sitenote_note":"","_monsterinsights_sitenote_category":0,"footnotes":""},"class_list":["post-48","page","type-page","status-publish","hentry"],"_links":{"self":[{"href":"https:\/\/cias2024.webs.upv.es\/index.php?rest_route=\/wp\/v2\/pages\/48","targetHints":{"allow":["GET"]}}],"collection":[{"href":"https:\/\/cias2024.webs.upv.es\/index.php?rest_route=\/wp\/v2\/pages"}],"about":[{"href":"https:\/\/cias2024.webs.upv.es\/index.php?rest_route=\/wp\/v2\/types\/page"}],"author":[{"embeddable":true,"href":"https:\/\/cias2024.webs.upv.es\/index.php?rest_route=\/wp\/v2\/users\/3"}],"replies":[{"embeddable":true,"href":"https:\/\/cias2024.webs.upv.es\/index.php?rest_route=%2Fwp%2Fv2%2Fcomments&post=48"}],"version-history":[{"count":2,"href":"https:\/\/cias2024.webs.upv.es\/index.php?rest_route=\/wp\/v2\/pages\/48\/revisions"}],"predecessor-version":[{"id":472,"href":"https:\/\/cias2024.webs.upv.es\/index.php?rest_route=\/wp\/v2\/pages\/48\/revisions\/472"}],"up":[{"embeddable":true,"href":"https:\/\/cias2024.webs.upv.es\/index.php?rest_route=\/wp\/v2\/pages\/36"}],"wp:attachment":[{"href":"https:\/\/cias2024.webs.upv.es\/index.php?rest_route=%2Fwp%2Fv2%2Fmedia&parent=48"}],"curies":[{"name":"wp","href":"https:\/\/api.w.org\/{rel}","templated":true}]}}