{"id":59,"date":"2014-01-09T17:57:35","date_gmt":"2014-01-09T16:57:35","guid":{"rendered":"http:\/\/cias2014.blogs.upv.es\/?page_id=59"},"modified":"2023-09-26T09:18:51","modified_gmt":"2023-09-26T09:18:51","slug":"como-llegar","status":"publish","type":"page","link":"https:\/\/cias2024.webs.upv.es\/?page_id=59","title":{"rendered":"C\u00f3mo llegar"},"content":{"rendered":"\n<p>El viaje a la ciudad de A Coru\u00f1a puede hacerse en avi\u00f3n, tren, autob\u00fas&#8230; A Coru\u00f1a cuenta con aeropuerto propio, el <a href=\"https:\/\/www.aena.es\/es\/a-coruna.html\" data-type=\"link\" data-id=\"https:\/\/www.aena.es\/es\/a-coruna.html\">Aeropuerto de Alvedro<\/a> y se sit\u00faa a 15-20 minutos del centro de la ciudad. Cuenta con servicio de taxis y autob\u00fas. Adem\u00e1s, a 45 minutos en coche o 30 minutos en tren se encuentra el <a href=\"https:\/\/www.aena.es\/es\/santiago-rosalia-de-castro.html\">Aeropuerto Rosal\u00eda de Castro<\/a> en la ciudad de Santiago de Compostela.<\/p>\n\n\n\n<p>Si el desplazamiento es en ferrocarril, la llegada ser\u00e1 a la <a href=\"https:\/\/www.adif.es\/w\/31412-a-coru%C3%B1a\" data-type=\"link\" data-id=\"https:\/\/www.adif.es\/w\/31412-a-coru%C3%B1a\">Estaci\u00f3n de San Crist\u00f3bal<\/a>, que se encuentra a 15 minutos del campus. La estaci\u00f3n cuenta con servicio de taxi y en los alrededores hay diferentes paradas de autob\u00fas urbano.<\/p>\n\n\n\n<p> La Escuela T\u00e9cnica Superior de Caminos, Canales y Puertos, sede del Congreso, est\u00e1 situada en el Campus de Elvi\u00f1a de la Universidade da Coru\u00f1a, en la entrada de la ciudad. Se accede principalmente a trav\u00e9s de la Avenida Alfonso Molina, principal punto de acceso a la ciudad. <\/p>\n\n\n\n<p>El Campus de Elvi\u00f1a  cuenta con una l\u00ednea de autob\u00fas urbano denominada Especial Universidad que une el centro de la ciudad, Plaza de Pontevedra, con el Campus Universitario. Otras l\u00edneas de acceso son la l\u00ednea 20, l\u00ednea 22 y l\u00ednea 24. En el siguiente <a href=\"https:\/\/tranviascoruna.com\/lineas-y-horarios\/\" data-type=\"link\" data-id=\"https:\/\/tranviascoruna.com\/lineas-y-horarios\/\">enlace<\/a> se puede consultar la informaci\u00f3n completa de horarios y l\u00edneas de la empresa de autobuses urbanos.<\/p>\n\n\n\n<iframe style= \"margin: 0 auto; display: block; border: 3px solid #019cba;\" src=\"https:\/\/www.google.com\/maps\/embed?pb=!1m18!1m12!1m3!1d2902.0795183455043!2d-8.41177918851445!3d43.33352507099864!2m3!1f0!2f0!3f0!3m2!1i1024!2i768!4f13.1!3m3!1m2!1s0xd2e7cb18d86a07d%3A0xb2b183b4e82a6a4d!2sEscuela%20T%C3%A9cnica%20Superior%20de%20Ingenier%C3%ADa%20de%20Caminos%2C%20Canales%20y%20Puertos%20-%20UDC!5e0!3m2!1ses!2ses!4v1695640560403!5m2!1ses!2ses\" width=\"600\" height=\"450\" style=\"border:0;\" allowfullscreen=\"\" loading=\"lazy\" referrerpolicy=\"no-referrer-when-downgrade\"><\/iframe>\n","protected":false},"excerpt":{"rendered":"<p>El viaje a la ciudad de A Coru\u00f1a puede hacerse en avi\u00f3n, tren, autob\u00fas&#8230; A Coru\u00f1a cuenta con aeropuerto propio, el Aeropuerto de Alvedro y se sit\u00faa a 15-20 minutos del centro de la ciudad. Cuenta con servicio de taxis y autob\u00fas. Adem\u00e1s, a 45 minutos en coche o 30 minutos en tren se encuentra [&hellip;]<\/p>\n","protected":false},"author":3,"featured_media":0,"parent":57,"menu_order":1,"comment_status":"closed","ping_status":"closed","template":"","meta":{"_monsterinsights_skip_tracking":false,"_monsterinsights_sitenote_active":false,"_monsterinsights_sitenote_note":"","_monsterinsights_sitenote_category":0,"footnotes":""},"class_list":["post-59","page","type-page","status-publish","hentry"],"_links":{"self":[{"href":"https:\/\/cias2024.webs.upv.es\/index.php?rest_route=\/wp\/v2\/pages\/59","targetHints":{"allow":["GET"]}}],"collection":[{"href":"https:\/\/cias2024.webs.upv.es\/index.php?rest_route=\/wp\/v2\/pages"}],"about":[{"href":"https:\/\/cias2024.webs.upv.es\/index.php?rest_route=\/wp\/v2\/types\/page"}],"author":[{"embeddable":true,"href":"https:\/\/cias2024.webs.upv.es\/index.php?rest_route=\/wp\/v2\/users\/3"}],"replies":[{"embeddable":true,"href":"https:\/\/cias2024.webs.upv.es\/index.php?rest_route=%2Fwp%2Fv2%2Fcomments&post=59"}],"version-history":[{"count":4,"href":"https:\/\/cias2024.webs.upv.es\/index.php?rest_route=\/wp\/v2\/pages\/59\/revisions"}],"predecessor-version":[{"id":773,"href":"https:\/\/cias2024.webs.upv.es\/index.php?rest_route=\/wp\/v2\/pages\/59\/revisions\/773"}],"up":[{"embeddable":true,"href":"https:\/\/cias2024.webs.upv.es\/index.php?rest_route=\/wp\/v2\/pages\/57"}],"wp:attachment":[{"href":"https:\/\/cias2024.webs.upv.es\/index.php?rest_route=%2Fwp%2Fv2%2Fmedia&parent=59"}],"curies":[{"name":"wp","href":"https:\/\/api.w.org\/{rel}","templated":true}]}}