{"id":63,"date":"2014-01-09T18:02:46","date_gmt":"2014-01-09T17:02:46","guid":{"rendered":"http:\/\/cias2014.blogs.upv.es\/?page_id=63"},"modified":"2023-11-07T12:46:54","modified_gmt":"2023-11-07T12:46:54","slug":"alojamiento","status":"publish","type":"page","link":"https:\/\/cias2024.webs.upv.es\/?page_id=63","title":{"rendered":"Alojamiento"},"content":{"rendered":"<p>En estos d\u00edas de AirBnB and Booking no parece tener mucho sentido que la organizaci\u00f3n bloquee grupos de habitaciones en hoteles como anta\u00f1o.<\/p>\n<p>De todas formas, se han conseguido os siguientes descuentos para un n\u00famero determinado de habitaciones en los hoteles que a continuaci\u00f3n se mencionan:<\/p>\n<p><strong>Hotel AC<\/strong><br \/>\n(Enrique Mari\u00f1as Romero, 34, 15009 A Coru\u00f1a):<\/p>\n<p>Fechas:<br \/>\nDel 25 al 27 de Septiembre 2024<\/p>\n<p>Tarifas para asistentes:<br \/>\nDoble de Uso Individual: 85,00 \u20ac + 10% IVA<br \/>\nDoble de Uso Doble: 94,00 \u20ac + 10% IVA<br \/>\nTarifas por noche y con el desayuno incluido<\/p>\n<p>Reserva con el descuento: https:\/\/www.marriott.com\/events\/start.mi?id=1696852256386&amp;key=GRP<\/p>\n<p><strong>Eurostars Atl\u00e1ntico<\/strong><br \/>\n(Av. Jardines de M\u00e9ndez N\u00fa\u00f1ez, s\/n A Coru\u00f1a)<\/p>\n<p>El hotel ha procedido a la creaci\u00f3n de un c\u00f3digo de descuento del 10%, para que\u00a0 puedan realizar sus reservas a trav\u00e9s de la p\u00e1gina web, aplic\u00e1ndose autom\u00e1ticamente ese 10% de descuento sobre el precio vigente en ese momento para las fechas solicitadas, siempre y cuando el hotel todav\u00eda tenga disponibilidad para esas fechas y para un m\u00e1ximo de 25 habitaciones. A continuaci\u00f3n, se detalla el c\u00f3digo, ya operativo, as\u00ed como las condiciones del mismo:<\/p>\n<p>C\u00f3digo: CIAS2024<br \/>\nAplica 10% de dto<br \/>\nActivado desde hoy hasta el 28\/08\/2024<br \/>\nV\u00e1lido para fechas del 25\/09\/24 al 27\/09\/2024<\/p>\n<p><strong>Meli\u00e1 MARIA PITA<\/strong><br \/>\n(Av. de Pedro Barri\u00e9 de la Maza, 3)<\/p>\n<p>El Hotel Melia MARIA PITA aplicara los siguientes descuentos para los asistentes al Congreso Cias 2024. Las personas interesadas podr\u00e1n realizar su reserva directamente a trav\u00e9s de una Landing Page y en ella se le aplicar\u00e1 un % de descuento seg\u00fan se vaya acercando la fecha de inicio del evento:<br \/>\n\u2022 20% de descuento desde la publicaci\u00f3n de la Landing a 60 d\u00edas antes de la llegada del grupo<br \/>\n\u2022 15% de descuento desde la publicaci\u00f3n de la Landing a 59 d\u00edas antes de la llegada del grupo<br \/>\n\u2022 10% de descuento desde 14 d\u00edas antes hasta el d\u00eda de llegada del grupo.<br \/>\nAcceso a Landing Page: <a href=\"https:\/\/events.melia.com\/es\/events\/melia-maria-pita\/Congreso-Ib-rico-de-las-Aguas-Subterr-neas--CIAS-2024-\" target=\"_blank\" rel=\"noopener\">https:\/\/events.melia.com\/es\/events\/melia-maria-pita\/Congreso-Ib-rico-de-las-Aguas-Subterr-neas&#8211;CIAS-2024-<\/a><\/p>\n","protected":false},"excerpt":{"rendered":"<p>En estos d\u00edas de AirBnB and Booking no parece tener mucho sentido que la organizaci\u00f3n bloquee grupos de habitaciones en hoteles como anta\u00f1o. De todas formas, se han conseguido os siguientes descuentos para un n\u00famero determinado de habitaciones en los hoteles que a continuaci\u00f3n se mencionan: Hotel AC (Enrique Mari\u00f1as Romero, 34, 15009 A Coru\u00f1a): [&hellip;]<\/p>\n","protected":false},"author":3,"featured_media":0,"parent":57,"menu_order":2,"comment_status":"closed","ping_status":"closed","template":"","meta":{"_monsterinsights_skip_tracking":false,"_monsterinsights_sitenote_active":false,"_monsterinsights_sitenote_note":"","_monsterinsights_sitenote_category":0,"footnotes":""},"class_list":["post-63","page","type-page","status-publish","hentry"],"_links":{"self":[{"href":"https:\/\/cias2024.webs.upv.es\/index.php?rest_route=\/wp\/v2\/pages\/63","targetHints":{"allow":["GET"]}}],"collection":[{"href":"https:\/\/cias2024.webs.upv.es\/index.php?rest_route=\/wp\/v2\/pages"}],"about":[{"href":"https:\/\/cias2024.webs.upv.es\/index.php?rest_route=\/wp\/v2\/types\/page"}],"author":[{"embeddable":true,"href":"https:\/\/cias2024.webs.upv.es\/index.php?rest_route=\/wp\/v2\/users\/3"}],"replies":[{"embeddable":true,"href":"https:\/\/cias2024.webs.upv.es\/index.php?rest_route=%2Fwp%2Fv2%2Fcomments&post=63"}],"version-history":[{"count":17,"href":"https:\/\/cias2024.webs.upv.es\/index.php?rest_route=\/wp\/v2\/pages\/63\/revisions"}],"predecessor-version":[{"id":810,"href":"https:\/\/cias2024.webs.upv.es\/index.php?rest_route=\/wp\/v2\/pages\/63\/revisions\/810"}],"up":[{"embeddable":true,"href":"https:\/\/cias2024.webs.upv.es\/index.php?rest_route=\/wp\/v2\/pages\/57"}],"wp:attachment":[{"href":"https:\/\/cias2024.webs.upv.es\/index.php?rest_route=%2Fwp%2Fv2%2Fmedia&parent=63"}],"curies":[{"name":"wp","href":"https:\/\/api.w.org\/{rel}","templated":true}]}}