{"id":67,"date":"2014-01-09T18:36:14","date_gmt":"2014-01-09T17:36:14","guid":{"rendered":"http:\/\/cias2014.blogs.upv.es\/?page_id=67"},"modified":"2023-09-25T10:10:57","modified_gmt":"2023-09-25T10:10:57","slug":"tematica","status":"publish","type":"page","link":"https:\/\/cias2024.webs.upv.es\/?page_id=67","title":{"rendered":"Tem\u00e1tica"},"content":{"rendered":"<p>La tem\u00e1tica del congreso es abierta dentro del contexto general de las aguas subterr\u00e1neas y el programa definitivo se organizar\u00e1 en funci\u00f3n de las comunicaciones recibidas. Ahora bien, el comit\u00e9 organizador hace hincapi\u00e9 en su inter\u00e9s en organizar sesiones espec\u00edficas sobre los siguientes temas:<\/p>\n<ul>\n<li>Agua y miner\u00eda<\/li>\n<li>Cambio global y aguas subterr\u00e1neas<\/li>\n<li>Contaminaci\u00f3n y recuperaci\u00f3n de acu\u00edferos<\/li>\n<li>El agua subterr\u00e1nea en la planificaci\u00f3n hidrol\u00f3gica<\/li>\n<li>Aplicaciones de inteligencia artificial<\/li>\n<li>C\u00f3mo difundir y educar sobre las aguas subterr\u00e1neas<\/li>\n<li>Calidad y contaminaci\u00f3n de aguas<\/li>\n<li>Modelaci\u00f3n hidrogeol\u00f3gica<\/li>\n<li>Aguas subterr\u00e1neas y espacios naturales<\/li>\n<li>Recarga natural y gestionada de acu\u00edferos<\/li>\n<li>Historia de la hidrogeolog\u00eda: errores y aciertos<\/li>\n<li>Recuperando la hidrogeolog\u00eda cl\u00e1sica<\/li>\n<li>Pr\u00e1cticas innovadoras, nuevas tecnolog\u00edas y transformaci\u00f3n digital<\/li>\n<li>Legislaci\u00f3n y gobernanza<\/li>\n<li>Econom\u00eda verde y econom\u00eda circular<\/li>\n<li>Caracterizaci\u00f3n de acu\u00edferos<\/li>\n<li>Geotermia<\/li>\n<li>Uso conjunto<\/li>\n<li>Intrusi\u00f3n salina y acu\u00edferos costeros<\/li>\n<li>Karst y medios fracturados<\/li>\n<li>Zona no saturada<\/li>\n<li>Escalado de par\u00e1metros<\/li>\n<li>Monitorizaci\u00f3n<\/li>\n<\/ul>\n<p>Se admitir\u00e1n tanto comunicaciones t\u00e9cnicas como de investigaci\u00f3n.<\/p>\n","protected":false},"excerpt":{"rendered":"<p>La tem\u00e1tica del congreso es abierta dentro del contexto general de las aguas subterr\u00e1neas y el programa definitivo se organizar\u00e1 en funci\u00f3n de las comunicaciones recibidas. Ahora bien, el comit\u00e9 organizador hace hincapi\u00e9 en su inter\u00e9s en organizar sesiones espec\u00edficas sobre los siguientes temas: Agua y miner\u00eda Cambio global y aguas subterr\u00e1neas Contaminaci\u00f3n y recuperaci\u00f3n [&hellip;]<\/p>\n","protected":false},"author":3,"featured_media":0,"parent":21,"menu_order":1,"comment_status":"closed","ping_status":"closed","template":"","meta":{"_monsterinsights_skip_tracking":false,"_monsterinsights_sitenote_active":false,"_monsterinsights_sitenote_note":"","_monsterinsights_sitenote_category":0,"footnotes":""},"class_list":["post-67","page","type-page","status-publish","hentry"],"_links":{"self":[{"href":"https:\/\/cias2024.webs.upv.es\/index.php?rest_route=\/wp\/v2\/pages\/67","targetHints":{"allow":["GET"]}}],"collection":[{"href":"https:\/\/cias2024.webs.upv.es\/index.php?rest_route=\/wp\/v2\/pages"}],"about":[{"href":"https:\/\/cias2024.webs.upv.es\/index.php?rest_route=\/wp\/v2\/types\/page"}],"author":[{"embeddable":true,"href":"https:\/\/cias2024.webs.upv.es\/index.php?rest_route=\/wp\/v2\/users\/3"}],"replies":[{"embeddable":true,"href":"https:\/\/cias2024.webs.upv.es\/index.php?rest_route=%2Fwp%2Fv2%2Fcomments&post=67"}],"version-history":[{"count":3,"href":"https:\/\/cias2024.webs.upv.es\/index.php?rest_route=\/wp\/v2\/pages\/67\/revisions"}],"predecessor-version":[{"id":728,"href":"https:\/\/cias2024.webs.upv.es\/index.php?rest_route=\/wp\/v2\/pages\/67\/revisions\/728"}],"up":[{"embeddable":true,"href":"https:\/\/cias2024.webs.upv.es\/index.php?rest_route=\/wp\/v2\/pages\/21"}],"wp:attachment":[{"href":"https:\/\/cias2024.webs.upv.es\/index.php?rest_route=%2Fwp%2Fv2%2Fmedia&parent=67"}],"curies":[{"name":"wp","href":"https:\/\/api.w.org\/{rel}","templated":true}]}}