{"id":834,"date":"2023-11-22T18:59:53","date_gmt":"2023-11-22T18:59:53","guid":{"rendered":"https:\/\/cias2024.webs.upv.es\/?page_id=834"},"modified":"2024-02-08T10:52:52","modified_gmt":"2024-02-08T10:52:52","slug":"inscripcion-cias2024","status":"publish","type":"page","link":"https:\/\/cias2024.webs.upv.es\/?page_id=834","title":{"rendered":"Inscripci\u00f3n CIAS2024"},"content":{"rendered":"\n<p>Para inscribirte, rellena el formulario de m\u00e1s abajo. Si necesitas factura es importante que lo indiques y rellenes los datos de facturaci\u00f3n. Tambi\u00e9n puedes solicitar una factura proforma antes de hacer el pago.<\/p>\n\n\n\n<p>Tras enviar el formulario recibir\u00e1s un correo electr\u00f3nico con los datos introducidos para que los revises, e instrucciones de c\u00f3mo hacer el pago. En esta edici\u00f3n solo podemos gestionar pagos por transferencia a la cuenta de la asociaci\u00f3n.<\/p>\n\n\n\n<p> <\/p>\n\n\n\n<div class=\"wp-block-group\"><div class=\"wp-block-group__inner-container is-layout-constrained wp-block-group-is-layout-constrained\">\n<div class=\"wp-block-columns is-layout-flex wp-container-core-columns-is-layout-9d6595d7 wp-block-columns-is-layout-flex\">\n<div class=\"wp-block-column is-layout-flow wp-block-column-is-layout-flow\" style=\"flex-basis:100%\"><\/div>\n<\/div>\n<\/div><\/div>\n","protected":false},"excerpt":{"rendered":"<p>Para inscribirte, rellena el formulario de m\u00e1s abajo. Si necesitas factura es importante que lo indiques y rellenes los datos de facturaci\u00f3n. Tambi\u00e9n puedes solicitar una factura proforma antes de hacer el pago. Tras enviar el formulario recibir\u00e1s un correo electr\u00f3nico con los datos introducidos para que los revises, e instrucciones de c\u00f3mo hacer el [&hellip;]<\/p>\n","protected":false},"author":3,"featured_media":0,"parent":33,"menu_order":0,"comment_status":"closed","ping_status":"closed","template":"","meta":{"_monsterinsights_skip_tracking":false,"_monsterinsights_sitenote_active":false,"_monsterinsights_sitenote_note":"","_monsterinsights_sitenote_category":0,"footnotes":""},"class_list":["post-834","page","type-page","status-publish","hentry"],"_links":{"self":[{"href":"https:\/\/cias2024.webs.upv.es\/index.php?rest_route=\/wp\/v2\/pages\/834","targetHints":{"allow":["GET"]}}],"collection":[{"href":"https:\/\/cias2024.webs.upv.es\/index.php?rest_route=\/wp\/v2\/pages"}],"about":[{"href":"https:\/\/cias2024.webs.upv.es\/index.php?rest_route=\/wp\/v2\/types\/page"}],"author":[{"embeddable":true,"href":"https:\/\/cias2024.webs.upv.es\/index.php?rest_route=\/wp\/v2\/users\/3"}],"replies":[{"embeddable":true,"href":"https:\/\/cias2024.webs.upv.es\/index.php?rest_route=%2Fwp%2Fv2%2Fcomments&post=834"}],"version-history":[{"count":6,"href":"https:\/\/cias2024.webs.upv.es\/index.php?rest_route=\/wp\/v2\/pages\/834\/revisions"}],"predecessor-version":[{"id":905,"href":"https:\/\/cias2024.webs.upv.es\/index.php?rest_route=\/wp\/v2\/pages\/834\/revisions\/905"}],"up":[{"embeddable":true,"href":"https:\/\/cias2024.webs.upv.es\/index.php?rest_route=\/wp\/v2\/pages\/33"}],"wp:attachment":[{"href":"https:\/\/cias2024.webs.upv.es\/index.php?rest_route=%2Fwp%2Fv2%2Fmedia&parent=834"}],"curies":[{"name":"wp","href":"https:\/\/api.w.org\/{rel}","templated":true}]}}