{"id":84,"date":"2014-01-11T14:19:08","date_gmt":"2014-01-11T13:19:08","guid":{"rendered":"http:\/\/cias2014.upv.es\/?page_id=84"},"modified":"2024-06-14T16:20:08","modified_gmt":"2024-06-14T16:20:08","slug":"cuotas","status":"publish","type":"page","link":"https:\/\/cias2024.webs.upv.es\/?page_id=84","title":{"rendered":"Cuotas"},"content":{"rendered":"\n<table id=\"tablepress-4\" class=\"tablepress tablepress-id-4\">\n<thead>\n<tr class=\"row-1\">\n\t<td class=\"column-1\"><\/td><th class=\"column-2\">Hasta el 25 de junio<\/th><th class=\"column-3\">A partir del 25 de junio<\/th>\n<\/tr>\n<\/thead>\n<tbody class=\"row-striping row-hover\">\n<tr class=\"row-2\">\n\t<td class=\"column-1\">Socios AIH<\/td><td class=\"column-2\">350 \u20ac<\/td><td class=\"column-3\">500 \u20ac<\/td>\n<\/tr>\n<tr class=\"row-3\">\n\t<td class=\"column-1\">No socios AIH<\/td><td class=\"column-2\">450 \u20ac<\/td><td class=\"column-3\">600 \u20ac<\/td>\n<\/tr>\n<tr class=\"row-4\">\n\t<td class=\"column-1\">Estudiantes socios AIH<\/td><td class=\"column-2\">175 \u20ac<\/td><td class=\"column-3\">300 \u20ac<\/td>\n<\/tr>\n<tr class=\"row-5\">\n\t<td class=\"column-1\">Estudiantes no socios AIH<\/td><td class=\"column-2\">225 \u20ac<\/td><td class=\"column-3\">350 \u20ac<\/td>\n<\/tr>\n<tr class=\"row-6\">\n\t<td class=\"column-1\">Jubilados socios AIH<\/td><td class=\"column-2\">200\u20ac<\/td><td class=\"column-3\">325\u20ac<\/td>\n<\/tr>\n<tr class=\"row-7\">\n\t<td class=\"column-1\">Jubilados no socios AIH<\/td><td class=\"column-2\">275\u20ac<\/td><td class=\"column-3\">400\u20ac<\/td>\n<\/tr>\n<\/tbody>\n<\/table>\n\n<p>La cuota incluye caf\u00e9s, las comidas de los tres d\u00edas m\u00e1s la cena, as\u00ed como una copia digital del libro de res\u00famenes.<\/p>\n<p>La cuota es reembolsable descontando 75 \u20ac de gastos de gesti\u00f3n hasta un mes antes del comienzo del congreso.<\/p>\n<p>La inscripci\u00f3n puede traspasarse a otra persona sin coste hasta una semana antes del comienzo del congreso.<\/p>\n","protected":false},"excerpt":{"rendered":"<p>La cuota incluye caf\u00e9s, las comidas de los tres d\u00edas m\u00e1s la cena, as\u00ed como una copia digital del libro de res\u00famenes. La cuota es reembolsable descontando 75 \u20ac de gastos de gesti\u00f3n hasta un mes antes del comienzo del congreso. La inscripci\u00f3n puede traspasarse a otra persona sin coste hasta una semana antes del [&hellip;]<\/p>\n","protected":false},"author":3,"featured_media":0,"parent":33,"menu_order":0,"comment_status":"closed","ping_status":"closed","template":"","meta":{"_monsterinsights_skip_tracking":false,"_monsterinsights_sitenote_active":false,"_monsterinsights_sitenote_note":"","_monsterinsights_sitenote_category":0,"footnotes":""},"class_list":["post-84","page","type-page","status-publish","hentry"],"_links":{"self":[{"href":"https:\/\/cias2024.webs.upv.es\/index.php?rest_route=\/wp\/v2\/pages\/84","targetHints":{"allow":["GET"]}}],"collection":[{"href":"https:\/\/cias2024.webs.upv.es\/index.php?rest_route=\/wp\/v2\/pages"}],"about":[{"href":"https:\/\/cias2024.webs.upv.es\/index.php?rest_route=\/wp\/v2\/types\/page"}],"author":[{"embeddable":true,"href":"https:\/\/cias2024.webs.upv.es\/index.php?rest_route=\/wp\/v2\/users\/3"}],"replies":[{"embeddable":true,"href":"https:\/\/cias2024.webs.upv.es\/index.php?rest_route=%2Fwp%2Fv2%2Fcomments&post=84"}],"version-history":[{"count":5,"href":"https:\/\/cias2024.webs.upv.es\/index.php?rest_route=\/wp\/v2\/pages\/84\/revisions"}],"predecessor-version":[{"id":1017,"href":"https:\/\/cias2024.webs.upv.es\/index.php?rest_route=\/wp\/v2\/pages\/84\/revisions\/1017"}],"up":[{"embeddable":true,"href":"https:\/\/cias2024.webs.upv.es\/index.php?rest_route=\/wp\/v2\/pages\/33"}],"wp:attachment":[{"href":"https:\/\/cias2024.webs.upv.es\/index.php?rest_route=%2Fwp%2Fv2%2Fmedia&parent=84"}],"curies":[{"name":"wp","href":"https:\/\/api.w.org\/{rel}","templated":true}]}}