{"id":9,"date":"2014-01-08T17:51:11","date_gmt":"2014-01-08T16:51:11","guid":{"rendered":"http:\/\/cias2014.blogs.upv.es\/?page_id=9"},"modified":"2023-10-03T10:22:16","modified_gmt":"2023-10-03T10:22:16","slug":"lugar","status":"publish","type":"page","link":"https:\/\/cias2024.webs.upv.es\/?page_id=9","title":{"rendered":"Lugar del congreso"},"content":{"rendered":"\n<p>El Congreso Ib\u00e9rico de las Aguas Subterr\u00e1neas se celebrar\u00e1 en el edificio de la Escuela de Caminos, Canales y Puertos de la <a rel=\"noopener\" href=\"https:\/\/www.udc.es\/\" target=\"_blank\">Universidade da Coru\u00f1a<\/a>.<\/p>\n\n\n\n<iframe style=\"margin: 0 auto; display: block; border: 3px solid #019cba;\"  src=\"https:\/\/www.google.com\/maps\/embed?pb=!1m18!1m12!1m3!1d2713.1420497032186!2d-8.41177918851445!3d43.33352507099864!2m3!1f0!2f0!3f0!3m2!1i1024!2i768!4f13.1!3m3!1m2!1s0xd2e7cb18d86a07d%3A0xb2b183b4e82a6a4d!2sEscuela%20T%C3%A9cnica%20Superior%20de%20Ingenier%C3%ADa%20de%20Caminos%2C%20Canales%20y%20Puertos%20-%20UDC!5e1!3m2!1ses!2ses!4v1695632903819!5m2!1ses!2ses\" width=\"600\" height=\"450\" style=\"border:0;\" allowfullscreen=\"\" loading=\"lazy\" referrerpolicy=\"no-referrer-when-downgrade\"><\/iframe>\n","protected":false},"excerpt":{"rendered":"<p>El Congreso Ib\u00e9rico de las Aguas Subterr\u00e1neas se celebrar\u00e1 en el edificio de la Escuela de Caminos, Canales y Puertos de la Universidade da Coru\u00f1a.<\/p>\n","protected":false},"author":3,"featured_media":0,"parent":21,"menu_order":2,"comment_status":"closed","ping_status":"closed","template":"","meta":{"_monsterinsights_skip_tracking":false,"_monsterinsights_sitenote_active":false,"_monsterinsights_sitenote_note":"","_monsterinsights_sitenote_category":0,"footnotes":""},"class_list":["post-9","page","type-page","status-publish","hentry"],"_links":{"self":[{"href":"https:\/\/cias2024.webs.upv.es\/index.php?rest_route=\/wp\/v2\/pages\/9","targetHints":{"allow":["GET"]}}],"collection":[{"href":"https:\/\/cias2024.webs.upv.es\/index.php?rest_route=\/wp\/v2\/pages"}],"about":[{"href":"https:\/\/cias2024.webs.upv.es\/index.php?rest_route=\/wp\/v2\/types\/page"}],"author":[{"embeddable":true,"href":"https:\/\/cias2024.webs.upv.es\/index.php?rest_route=\/wp\/v2\/users\/3"}],"replies":[{"embeddable":true,"href":"https:\/\/cias2024.webs.upv.es\/index.php?rest_route=%2Fwp%2Fv2%2Fcomments&post=9"}],"version-history":[{"count":4,"href":"https:\/\/cias2024.webs.upv.es\/index.php?rest_route=\/wp\/v2\/pages\/9\/revisions"}],"predecessor-version":[{"id":782,"href":"https:\/\/cias2024.webs.upv.es\/index.php?rest_route=\/wp\/v2\/pages\/9\/revisions\/782"}],"up":[{"embeddable":true,"href":"https:\/\/cias2024.webs.upv.es\/index.php?rest_route=\/wp\/v2\/pages\/21"}],"wp:attachment":[{"href":"https:\/\/cias2024.webs.upv.es\/index.php?rest_route=%2Fwp%2Fv2%2Fmedia&parent=9"}],"curies":[{"name":"wp","href":"https:\/\/api.w.org\/{rel}","templated":true}]}}